{"id":132,"date":"2022-05-17T16:27:32","date_gmt":"2022-05-17T16:27:32","guid":{"rendered":"https:\/\/cede.izt.uam.mx\/?page_id=132"},"modified":"2026-01-14T21:44:29","modified_gmt":"2026-01-14T21:44:29","slug":"servicio-social","status":"publish","type":"page","link":"https:\/\/cede.izt.uam.mx\/index.php\/servicio-social\/","title":{"rendered":"Servicio Social"},"content":{"rendered":"\t\t<div data-elementor-type=\"wp-page\" data-elementor-id=\"132\" class=\"elementor elementor-132\">\n\t\t\t\t<div class=\"elementor-element elementor-element-a7c2633 e-flex e-con-boxed e-con e-parent\" data-id=\"a7c2633\" data-element_type=\"container\" data-e-type=\"container\" data-settings=\"{&quot;background_background&quot;:&quot;classic&quot;}\">\n\t\t\t\t\t<div class=\"e-con-inner\">\n\t\t\t\t<div class=\"elementor-element elementor-element-19bc0be elementor-widget elementor-widget-heading\" data-id=\"19bc0be\" data-element_type=\"widget\" data-e-type=\"widget\" data-widget_type=\"heading.default\">\n\t\t\t\t<div class=\"elementor-widget-container\">\n\t\t\t\t\t<h2 class=\"elementor-heading-title elementor-size-default\">Servicio Social<\/h2>\t\t\t\t<\/div>\n\t\t\t\t<\/div>\n\t\t\t\t<div class=\"elementor-element elementor-element-0039bb7 elementor-widget-divider--view-line elementor-widget elementor-widget-divider\" data-id=\"0039bb7\" data-element_type=\"widget\" data-e-type=\"widget\" data-widget_type=\"divider.default\">\n\t\t\t\t<div class=\"elementor-widget-container\">\n\t\t\t\t\t\t\t<div class=\"elementor-divider\">\n\t\t\t<span class=\"elementor-divider-separator\">\n\t\t\t\t\t\t<\/span>\n\t\t<\/div>\n\t\t\t\t\t\t<\/div>\n\t\t\t\t<\/div>\n\t\t\t\t\t<\/div>\n\t\t\t\t<\/div>\n\t\t<div class=\"elementor-element elementor-element-3e27ecc e-flex e-con-boxed e-con e-parent\" data-id=\"3e27ecc\" data-element_type=\"container\" data-e-type=\"container\">\n\t\t\t\t\t<div class=\"e-con-inner\">\n\t\t\t\t<div class=\"elementor-element elementor-element-ba76297 elementor-widget elementor-widget-text-editor\" data-id=\"ba76297\" data-element_type=\"widget\" data-e-type=\"widget\" data-widget_type=\"text-editor.default\">\n\t\t\t\t<div class=\"elementor-widget-container\">\n\t\t\t\t\t\t\t\t\t<p>Estudiante de UAM-Iztapalapa, esta informaci\u00f3n es para ti: si tienes el\u00a0<strong>70%<\/strong>\u00a0o m\u00e1s de cr\u00e9ditos cubiertos, realiza tu servicio social con nosotros. Para mayor informaci\u00f3n escribe a cedeuami@gmail.com o vis\u00edtamos en 2do piso del Edificio L (Biblioteca) en UAM Iztapalapa en un horario de lunes a viernes de 10:00 a 14:00 horas.<\/p><p>Aceptamos de las carreras de\u00a0<strong>Ciencia Pol\u00edtica, Sociolog\u00eda<\/strong>\u00a0y\u00a0<strong>Filosof\u00eda\u00a0<\/strong>para realizar diversas actividades de documentaci\u00f3n, investigaci\u00f3n, recopilaci\u00f3n y procesamiento de informaci\u00f3n estad\u00edstica en materia electoral.<\/p><p>Para m\u00e1s Informaci\u00f3n escribenos a : <strong><a href=\"mailto:cedeserviciosocial@gmail.com\">cedeserviciosocial@gmail.com<\/a><\/strong><\/p>\t\t\t\t\t\t\t\t<\/div>\n\t\t\t\t<\/div>\n\t\t\t\t<div class=\"elementor-element elementor-element-972e9b1 elementor-widget elementor-widget-video\" data-id=\"972e9b1\" data-element_type=\"widget\" data-e-type=\"widget\" data-settings=\"{&quot;video_type&quot;:&quot;hosted&quot;,&quot;autoplay&quot;:&quot;yes&quot;,&quot;play_on_mobile&quot;:&quot;yes&quot;,&quot;mute&quot;:&quot;yes&quot;,&quot;loop&quot;:&quot;yes&quot;}\" data-widget_type=\"video.default\">\n\t\t\t\t<div class=\"elementor-widget-container\">\n\t\t\t\t\t\t\t<div class=\"e-hosted-video elementor-wrapper elementor-open-inline\">\n\t\t\t\t\t<video class=\"elementor-video\" src=\"https:\/\/cede.izt.uam.mx\/wp-content\/uploads\/2022\/09\/CENTRO-DE-ESTUDIOS-DE-LA-DEMOCRACIA-Y-ELECCIONES-Laboratorio-de-analisis-politologico-y-de-politicas-publicas.mp4\" autoplay=\"\" loop=\"\" muted=\"muted\" playsinline=\"\" controlsList=\"nodownload\"><\/video>\n\t\t\t\t<\/div>\n\t\t\t\t\t\t<\/div>\n\t\t\t\t<\/div>\n\t\t\t\t<div class=\"elementor-element elementor-element-a00dc7e elementor-widget elementor-widget-text-editor\" data-id=\"a00dc7e\" data-element_type=\"widget\" data-e-type=\"widget\" data-widget_type=\"text-editor.default\">\n\t\t\t\t<div class=\"elementor-widget-container\">\n\t\t\t\t\t\t\t\t\t<p><strong>Prestador de Servicio Social 2024-2025<\/strong><\/p>\n<ul>\n<li>Jorge Israel Armas Gonz\u00e1les<\/li>\n<li>&nbsp;Esdras Samuel Revuelta Gardu\u00f1o<\/li>\n<\/ul>\n<p><strong>Prestadores de Servicio Social 2022-2023<\/strong><\/p>\n<ul>\n<li>Alexis Giovanni Hern\u00e1ndez Ram\u00edrez<\/li>\n<li>Carlos Antonio P\u00e9rez Galindo<\/li>\n<li>Diana Uribe Ram\u00edrez<\/li>\n<li>Lidia Fabiola V\u00e1zquez Mireles<\/li>\n<li>Carlos Armando Camacho S\u00e1nchez<\/li>\n<li>Haile Espino Rodr\u00edguez<\/li>\n<li>Kimberly Guadalupe V\u00e1zquez Cruz<\/li>\n<li>Salvador Salazar Castro<\/li>\n<li>Andrea P\u00e9rez Bautista<\/li>\n<li>Alma Rosa Maturano Palestino<\/li>\n<li>Mabel Danae Salas Miguel<\/li>\n<\/ul>\n<p><strong>Prestadores de Servicio Social 2021-2022<\/strong><\/p>\n<ul>\n<li>Dafne J. Vania Reyes Jim\u00e9nez<\/li>\n<li>Jos\u00e9 Manuel de Dios Cruz<\/li>\n<li>Marco Antonio Mu\u00f1oz Gallardo<\/li>\n<li>Maritza Mart\u00ednez Guerrero<\/li>\n<li>Nancy S\u00e1nchez Huerta<\/li>\n<li>David Ortiz Amaro<\/li>\n<li>Brian Le\u00f3n Garc\u00eda<\/li>\n<\/ul>\n<p><strong>Prestadores de Servicio Social 2020-2021<\/strong><\/p>\n<ul>\n<li>Estrada Esquivel Mar\u00eda de Jes\u00fas<\/li>\n<li>Ram\u00edrez Meza Hannia Annette Zuhelyn<\/li>\n<li>Ure\u00f1a Arteaga Mar\u00eda Fernanda<\/li>\n<li>Guzm\u00e1n Nava Mariana<\/li>\n<li>Fern\u00e1ndez Soltero Rodr\u00edgo Valent\u00edn<\/li>\n<li>Vargas Lascari Karel Isa\u00ed<\/li>\n<\/ul>\n<p><strong>Prestadores de Servicio Social 2019-2020<\/strong><\/p>\n<ul>\n<li>Hern\u00e1ndez Salgado Daniel<\/li>\n<li>Gonz\u00e1lez San Juan Alexis<\/li>\n<li>Palacios Mart\u00ednez Javier Fernando<\/li>\n<li>Berm\u00fades Ferrer Daniel<\/li>\n<li>Jaramillo Hern\u00e1ndez Adriana Valeria<\/li>\n<li>Resendiz Ponce Andr\u00e9s Alejandro<\/li>\n<\/ul>\t\t\t\t\t\t\t\t<\/div>\n\t\t\t\t<\/div>\n\t\t\t\t\t<\/div>\n\t\t\t\t<\/div>\n\t\t\t\t<\/div>\n\t\t","protected":false},"excerpt":{"rendered":"<p>Servicio Social Estudiante de UAM-Iztapalapa, esta informaci\u00f3n es para ti: si tienes el\u00a070%\u00a0o m\u00e1s de cr\u00e9ditos cubiertos, realiza tu servicio social con nosotros. Para mayor informaci\u00f3n escribe a cedeuami@gmail.com o vis\u00edtamos en 2do piso del Edificio L (Biblioteca) en UAM Iztapalapa en un horario de lunes a viernes de 10:00 a 14:00 horas. Aceptamos de [&hellip;]<\/p>\n","protected":false},"author":2,"featured_media":0,"parent":0,"menu_order":0,"comment_status":"closed","ping_status":"closed","template":"elementor_header_footer","meta":{"footnotes":""},"class_list":["post-132","page","type-page","status-publish","hentry"],"blocksy_meta":[],"_links":{"self":[{"href":"https:\/\/cede.izt.uam.mx\/index.php\/wp-json\/wp\/v2\/pages\/132","targetHints":{"allow":["GET"]}}],"collection":[{"href":"https:\/\/cede.izt.uam.mx\/index.php\/wp-json\/wp\/v2\/pages"}],"about":[{"href":"https:\/\/cede.izt.uam.mx\/index.php\/wp-json\/wp\/v2\/types\/page"}],"author":[{"embeddable":true,"href":"https:\/\/cede.izt.uam.mx\/index.php\/wp-json\/wp\/v2\/users\/2"}],"replies":[{"embeddable":true,"href":"https:\/\/cede.izt.uam.mx\/index.php\/wp-json\/wp\/v2\/comments?post=132"}],"version-history":[{"count":6,"href":"https:\/\/cede.izt.uam.mx\/index.php\/wp-json\/wp\/v2\/pages\/132\/revisions"}],"predecessor-version":[{"id":5238,"href":"https:\/\/cede.izt.uam.mx\/index.php\/wp-json\/wp\/v2\/pages\/132\/revisions\/5238"}],"wp:attachment":[{"href":"https:\/\/cede.izt.uam.mx\/index.php\/wp-json\/wp\/v2\/media?parent=132"}],"curies":[{"name":"wp","href":"https:\/\/api.w.org\/{rel}","templated":true}]}}