{"id":2471,"date":"2022-09-29T17:34:34","date_gmt":"2022-09-29T17:34:34","guid":{"rendered":"https:\/\/cede.izt.uam.mx\/?page_id=2471"},"modified":"2023-06-26T19:09:06","modified_gmt":"2023-06-26T19:09:06","slug":"congreso-de-la-union","status":"publish","type":"page","link":"https:\/\/cede.izt.uam.mx\/index.php\/congreso-de-la-union\/","title":{"rendered":"Seguimiento Reforma Electoral 2022-2023"},"content":{"rendered":"\n<p><\/p>\n\n\n\n<p><\/p>\n\n\n\n<p class=\"has-text-align-center has-large-font-size\"><strong>Reforma constitucional-legal en materia electoral 2022<\/strong>&#8211;<strong>2023<\/strong><\/p>\n\n\n\n<div style=\"height:43px\" aria-hidden=\"true\" class=\"wp-block-spacer\"><\/div>\n\n\n\n<p class=\"has-text-align-center\">\u00bfTe interesa conocer y seguir toda la l\u00ednea de acontecimientos sobre la reforma electoral 2022-2023? <\/p>\n\n\n\n<p class=\"has-text-align-center\">Cons\u00faltalo en nuestro seguimiento period\u00edstico, as\u00ed como algunos sitios de inter\u00e9s.<\/p>\n\n\n\n<p class=\"has-text-align-center\">El periodo comprende del 05 de febrero de 2022 hasta junio del 2023.<\/p>\n\n\n\n<div style=\"height:70px\" aria-hidden=\"true\" class=\"wp-block-spacer\"><\/div>\n\n\n\n<div data-wp-interactive=\"core\/file\" class=\"wp-block-file\"><object data-wp-bind--hidden=\"!state.hasPdfPreview\" hidden class=\"wp-block-file__embed\" data=\"https:\/\/cede.izt.uam.mx\/wp-content\/uploads\/2023\/06\/Hemerografia-sobre-reforma-constitucional-legal-en-materia-electoral-2022-2023.pdf\" type=\"application\/pdf\" style=\"width:100%;height:800px\" aria-label=\"Incrustado de Hemerograf\u00eda sobre reforma constitucional-legal en materia electoral 2022-2023.\"><\/object><a id=\"wp-block-file--media-2a8fe58c-64c8-46e4-88d8-e62ec8859735\" href=\"https:\/\/cede.izt.uam.mx\/wp-content\/uploads\/2023\/06\/Hemerografia-sobre-reforma-constitucional-legal-en-materia-electoral-2022-2023.pdf\">Hemerograf\u00eda sobre reforma constitucional-legal en materia electoral 2022-2023<\/a><a href=\"https:\/\/cede.izt.uam.mx\/wp-content\/uploads\/2023\/06\/Hemerografia-sobre-reforma-constitucional-legal-en-materia-electoral-2022-2023.pdf\" class=\"wp-block-file__button wp-element-button\" download aria-describedby=\"wp-block-file--media-2a8fe58c-64c8-46e4-88d8-e62ec8859735\">Descarga<\/a><\/div>\n\n\n\n<div style=\"height:80px\" aria-hidden=\"true\" class=\"wp-block-spacer\"><\/div>\n\n\n\n<div class=\"wp-block-columns is-layout-flex wp-container-core-columns-is-layout-28f84493 wp-block-columns-is-layout-flex\">\n<div class=\"wp-block-column is-vertically-aligned-center is-layout-flow wp-block-column-is-layout-flow\">\n<div class=\"wp-block-buttons is-content-justification-center is-layout-flex wp-container-core-buttons-is-layout-a89b3969 wp-block-buttons-is-layout-flex\">\n<div class=\"wp-block-button\"><a class=\"wp-block-button__link has-text-align-center wp-element-button\" href=\"https:\/\/www.scjn.gob.mx\/rpe\/\" target=\"_blank\" rel=\"noreferrer noopener\">Sitio Reformas pol\u00edtico-electorales SCJN<\/a><\/div>\n<\/div>\n<\/div>\n<\/div>\n\n\n\n<div class=\"wp-block-columns is-layout-flex wp-container-core-columns-is-layout-28f84493 wp-block-columns-is-layout-flex\">\n<div class=\"wp-block-column is-layout-flow wp-block-column-is-layout-flow\">\n<p class=\"has-text-align-center has-large-font-size\"><strong>DECRETO 1<\/strong><\/p>\n\n\n\n<p class=\"has-text-align-center\">Ley General de Comunicaci\u00f3n Social y de la Ley General de Responsabilidades Administrativas<\/p>\n\n\n\n<div data-wp-interactive=\"core\/file\" class=\"wp-block-file\"><object data-wp-bind--hidden=\"!state.hasPdfPreview\" hidden class=\"wp-block-file__embed\" data=\"https:\/\/cede.izt.uam.mx\/wp-content\/uploads\/2023\/06\/DECRETO-1.pdf\" type=\"application\/pdf\" style=\"width:100%;height:700px\" aria-label=\"Incrustado de DECRETO-1.\"><\/object><a id=\"wp-block-file--media-ed92c674-8fb3-4a89-87f0-b3688b33f143\" href=\"https:\/\/cede.izt.uam.mx\/wp-content\/uploads\/2023\/06\/DECRETO-1.pdf\">DECRETO-1<\/a><a href=\"https:\/\/cede.izt.uam.mx\/wp-content\/uploads\/2023\/06\/DECRETO-1.pdf\" class=\"wp-block-file__button wp-element-button\" download aria-describedby=\"wp-block-file--media-ed92c674-8fb3-4a89-87f0-b3688b33f143\">Descarga<\/a><\/div>\n\n\n\n<div style=\"height:100px\" aria-hidden=\"true\" class=\"wp-block-spacer\"><\/div>\n\n\n\n<p class=\"has-text-align-center has-large-font-size\"><strong>SENTENCIA<\/strong><\/p>\n\n\n\n<div data-wp-interactive=\"core\/file\" class=\"wp-block-file\"><object data-wp-bind--hidden=\"!state.hasPdfPreview\" hidden class=\"wp-block-file__embed\" data=\"https:\/\/cede.izt.uam.mx\/wp-content\/uploads\/2023\/06\/AI-29-2023-Y-ACUM-LGCS-Decreto-1.pdf\" type=\"application\/pdf\" style=\"width:100%;height:700px\" aria-label=\"Incrustado de AI-29-2023-Y-ACUM-LGCS-Decreto-1.\"><\/object><a id=\"wp-block-file--media-23b426e2-66cc-46f9-8a96-0357d4915e6f\" href=\"https:\/\/cede.izt.uam.mx\/wp-content\/uploads\/2023\/06\/AI-29-2023-Y-ACUM-LGCS-Decreto-1.pdf\">AI-29-2023-Y-ACUM-LGCS-Decreto-1<\/a><a href=\"https:\/\/cede.izt.uam.mx\/wp-content\/uploads\/2023\/06\/AI-29-2023-Y-ACUM-LGCS-Decreto-1.pdf\" class=\"wp-block-file__button wp-element-button\" download aria-describedby=\"wp-block-file--media-23b426e2-66cc-46f9-8a96-0357d4915e6f\">Descarga<\/a><\/div>\n<\/div>\n\n\n\n<div class=\"wp-block-column is-layout-flow wp-block-column-is-layout-flow\">\n<p class=\"has-text-align-center has-large-font-size\"><strong>DECRETO 2<\/strong><\/p>\n\n\n\n<p class=\"has-text-align-center\">Ley General de Instituciones y Procedimientos Electorales, de la Ley General de Partidos Pol\u00edticos, de la Ley Org\u00e1nica del Poder Judicial de la Federaci\u00f3n y nueva Ley General de los Medios de Impugnaci\u00f3n en Materia Electoral<\/p>\n\n\n\n<div data-wp-interactive=\"core\/file\" class=\"wp-block-file\"><object data-wp-bind--hidden=\"!state.hasPdfPreview\" hidden class=\"wp-block-file__embed\" data=\"https:\/\/cede.izt.uam.mx\/wp-content\/uploads\/2023\/06\/DECRETO-2.pdf\" type=\"application\/pdf\" style=\"width:100%;height:700px\" aria-label=\"Incrustado de DECRETO-2.\"><\/object><a id=\"wp-block-file--media-528e296d-cf26-41e6-b804-2562ea3108e6\" href=\"https:\/\/cede.izt.uam.mx\/wp-content\/uploads\/2023\/06\/DECRETO-2.pdf\">DECRETO-2<\/a><a href=\"https:\/\/cede.izt.uam.mx\/wp-content\/uploads\/2023\/06\/DECRETO-2.pdf\" class=\"wp-block-file__button wp-element-button\" download aria-describedby=\"wp-block-file--media-528e296d-cf26-41e6-b804-2562ea3108e6\">Descarga<\/a><\/div>\n\n\n\n<div style=\"height:50px\" aria-hidden=\"true\" class=\"wp-block-spacer\"><\/div>\n\n\n\n<p class=\"has-text-align-center has-large-font-size\"><strong>PROYECTO DE SENTENCIA<\/strong><\/p>\n\n\n\n<div data-wp-interactive=\"core\/file\" class=\"wp-block-file\"><object data-wp-bind--hidden=\"!state.hasPdfPreview\" hidden class=\"wp-block-file__embed\" data=\"https:\/\/cede.izt.uam.mx\/wp-content\/uploads\/2023\/06\/A.I.-71-PROYECTO-DE-SENTENCIA-Decreto-2.pdf\" type=\"application\/pdf\" style=\"width:100%;height:700px\" aria-label=\"Incrustado de A.I.-71-PROYECTO-DE-SENTENCIA-Decreto-2.\"><\/object><a id=\"wp-block-file--media-c7dc55f2-0172-494e-be74-b74d9fa1c3d6\" href=\"https:\/\/cede.izt.uam.mx\/wp-content\/uploads\/2023\/06\/A.I.-71-PROYECTO-DE-SENTENCIA-Decreto-2.pdf\">A.I.-71-PROYECTO-DE-SENTENCIA-Decreto-2<\/a><a href=\"https:\/\/cede.izt.uam.mx\/wp-content\/uploads\/2023\/06\/A.I.-71-PROYECTO-DE-SENTENCIA-Decreto-2.pdf\" class=\"wp-block-file__button wp-element-button\" download aria-describedby=\"wp-block-file--media-c7dc55f2-0172-494e-be74-b74d9fa1c3d6\">Descarga<\/a><\/div>\n<\/div>\n<\/div>\n\n\n\n<div style=\"height:100px\" aria-hidden=\"true\" class=\"wp-block-spacer\"><\/div>\n\n\n\n<figure class=\"wp-block-image size-full\"><img fetchpriority=\"high\" decoding=\"async\" width=\"1200\" height=\"1554\" src=\"https:\/\/cede.izt.uam.mx\/wp-content\/uploads\/2023\/06\/numeralia-reformas-politico-electorales.jpg\" alt=\"\" class=\"wp-image-3594\" srcset=\"https:\/\/cede.izt.uam.mx\/wp-content\/uploads\/2023\/06\/numeralia-reformas-politico-electorales.jpg 1200w, https:\/\/cede.izt.uam.mx\/wp-content\/uploads\/2023\/06\/numeralia-reformas-politico-electorales-232x300.jpg 232w, https:\/\/cede.izt.uam.mx\/wp-content\/uploads\/2023\/06\/numeralia-reformas-politico-electorales-791x1024.jpg 791w, https:\/\/cede.izt.uam.mx\/wp-content\/uploads\/2023\/06\/numeralia-reformas-politico-electorales-768x995.jpg 768w, https:\/\/cede.izt.uam.mx\/wp-content\/uploads\/2023\/06\/numeralia-reformas-politico-electorales-1186x1536.jpg 1186w\" sizes=\"(max-width: 1200px) 100vw, 1200px\" \/><figcaption class=\"wp-element-caption\">Imagen obtenida del sitio: <a href=\"https:\/\/www.scjn.gob.mx\/rpe\/\">An\u00e1lisis constitucional de las reformas pol\u00edtico-electorales 2022-2023 de la SCJN<\/a><\/figcaption><\/figure>\n","protected":false},"excerpt":{"rendered":"<p>Reforma constitucional-legal en materia electoral 2022&#8211;2023 \u00bfTe interesa conocer y seguir toda la l\u00ednea de acontecimientos sobre la reforma electoral 2022-2023? Cons\u00faltalo en nuestro seguimiento period\u00edstico, as\u00ed como algunos sitios de inter\u00e9s. El periodo comprende del 05 de febrero de 2022 hasta junio del 2023. DECRETO 1 Ley General de Comunicaci\u00f3n Social y de la [&hellip;]<\/p>\n","protected":false},"author":2,"featured_media":0,"parent":0,"menu_order":0,"comment_status":"closed","ping_status":"closed","template":"","meta":{"footnotes":""},"class_list":["post-2471","page","type-page","status-publish","hentry"],"blocksy_meta":[],"_links":{"self":[{"href":"https:\/\/cede.izt.uam.mx\/index.php\/wp-json\/wp\/v2\/pages\/2471","targetHints":{"allow":["GET"]}}],"collection":[{"href":"https:\/\/cede.izt.uam.mx\/index.php\/wp-json\/wp\/v2\/pages"}],"about":[{"href":"https:\/\/cede.izt.uam.mx\/index.php\/wp-json\/wp\/v2\/types\/page"}],"author":[{"embeddable":true,"href":"https:\/\/cede.izt.uam.mx\/index.php\/wp-json\/wp\/v2\/users\/2"}],"replies":[{"embeddable":true,"href":"https:\/\/cede.izt.uam.mx\/index.php\/wp-json\/wp\/v2\/comments?post=2471"}],"version-history":[{"count":0,"href":"https:\/\/cede.izt.uam.mx\/index.php\/wp-json\/wp\/v2\/pages\/2471\/revisions"}],"wp:attachment":[{"href":"https:\/\/cede.izt.uam.mx\/index.php\/wp-json\/wp\/v2\/media?parent=2471"}],"curies":[{"name":"wp","href":"https:\/\/api.w.org\/{rel}","templated":true}]}}