{"id":3503,"date":"2023-06-13T18:10:30","date_gmt":"2023-06-13T18:10:30","guid":{"rendered":"https:\/\/cede.izt.uam.mx\/?page_id=3503"},"modified":"2023-06-15T21:19:27","modified_gmt":"2023-06-15T21:19:27","slug":"sicee-y-participacion-ciudadana-ine-cdmx","status":"publish","type":"page","link":"https:\/\/cede.izt.uam.mx\/index.php\/eventos\/sicee-y-participacion-ciudadana-ine-cdmx\/","title":{"rendered":"SICEE y Participaci\u00f3n Ciudadana INE CDMX"},"content":{"rendered":"\n<div style=\"height:31px\" aria-hidden=\"true\" class=\"wp-block-spacer\"><\/div>\n\n\n\n<figure class=\"wp-block-image size-large\"><img fetchpriority=\"high\" decoding=\"async\" width=\"1024\" height=\"819\" src=\"https:\/\/cede.izt.uam.mx\/wp-content\/uploads\/2023\/06\/FB_IMG_1686258428072-1024x819.jpg\" alt=\"\" class=\"wp-image-3531\" srcset=\"https:\/\/cede.izt.uam.mx\/wp-content\/uploads\/2023\/06\/FB_IMG_1686258428072-1024x819.jpg 1024w, https:\/\/cede.izt.uam.mx\/wp-content\/uploads\/2023\/06\/FB_IMG_1686258428072-300x240.jpg 300w, https:\/\/cede.izt.uam.mx\/wp-content\/uploads\/2023\/06\/FB_IMG_1686258428072-768x614.jpg 768w, https:\/\/cede.izt.uam.mx\/wp-content\/uploads\/2023\/06\/FB_IMG_1686258428072.jpg 1080w\" sizes=\"(max-width: 1024px) 100vw, 1024px\" \/><\/figure>\n\n\n\n<div style=\"height:60px\" aria-hidden=\"true\" class=\"wp-block-spacer\"><\/div>\n\n\n\n<p class=\"has-text-align-left\">El pasado jueves 08 de junio a las 10:00 horas se llev\u00f3 a cabo en la Sala Quetzalcalli ubicado en la planta alta del Edificio H dentro de las instalaciones de la Universidad Aut\u00f3noma Metropolitana Unidad Iztapalapa  la presentaci\u00f3n del <a href=\"https:\/\/siceen21.ine.mx\/home\">Sistema de Consulta de la Estad\u00edstica de las Elecciones (SICEE) y elEstudio Muestral de Participaci\u00f3n Ciudadana 2021 (EMPC)<\/a> con el prop\u00f3sito de compartir con la comunidad acad\u00e9mica, de investigadores, catedr\u00e1ticos, universitaria y el p\u00fablico en general interesado para que conozca la nueva plataforma que integra la Estad\u00edstica Electoral Nacional con los resultados de las elecciones federales de 1991 a 2021 y locales de 2015 a 2022; as\u00ed como los ejercicios de participaci\u00f3n ciudadana como la Consulta Popular en 2021 y la Revocaci\u00f3n de Mandato en 2022.<\/p>\n\n\n\n<p>Contamos con la presencia de la Vocal Ejecutiva de la Junta Local de la Ciudad de M\u00e9xico, la Lcda. Maria Luisa Flores Huerta, la Lcda. Lorena Calvo Garc\u00eda, Vocal de Organizaci\u00f3n Electoral de la Junta Distrital Ejecutiva 18 en la Ciudad de M\u00e9xico y el Mtro. Alejandro Rojas M\u00e9ndez, Vocal de Capacitaci\u00f3n Electoral y Educaci\u00f3n C\u00edvica de la 19 Junta Distrital Ejecutiva en la Ciudad de M\u00e9xico como ponentes. As\u00ed como el profesor-investigador del UAM-I y miembro del CEDE Pablo Javier Becerra Ch\u00e1vez, el Mtro. Alejandro Pi\u00f1a Vargas estudiante de Posgrado y el responsable del CEDE, profesor-investigador Manuel Larrosa Haro como comentaristas. Cabe mencionar que el Director de la <a href=\"http:\/\/www.izt.uam.mx\/index.php\/division-csh\/\" target=\"_blank\" rel=\"noreferrer noopener\">Divisi\u00f3n de Ciencias Sociales y Humanidades, <\/a>el Mtro. Jos\u00e9 R\u00e9gulo Morales Calder\u00f3n, dirigi\u00f3 unas palabras de bienvenida al inicio del evento y de clausura.<\/p>\n\n\n\n<p>El evento fue gestionado por el CEDE y las juntas local y distritales ejecutivas 04, 09, 18,19, 20 y 22 del Instituto Nacional Electoral de la Ciudad de M\u00e9xico. Lee la nota completa en: <a href=\"https:\/\/centralelectoral.ine.mx\/2023\/06\/09\/ine-cdmx-fortalece-el-derecho-de-la-ciudadania-a-la-transparencia-y-a-la-informacion\/\" target=\"_blank\" rel=\"noreferrer noopener\">INE CDMX fortalece el derecho de la ciudadan\u00eda a la transparencia y a la informaci\u00f3n<\/a><\/p>\n\n\n\n<div style=\"height:60px\" aria-hidden=\"true\" class=\"wp-block-spacer\"><\/div>\n\n\n\n<div class=\"wp-block-buttons is-content-justification-center is-layout-flex wp-container-core-buttons-is-layout-a89b3969 wp-block-buttons-is-layout-flex\">\n<div class=\"wp-block-button\"><a class=\"wp-block-button__link has-text-align-center wp-element-button\" href=\"https:\/\/siceen21.ine.mx\/home\" target=\"_blank\" rel=\"noreferrer noopener\">SICEE<\/a><\/div>\n\n\n\n<div class=\"wp-block-button\"><a class=\"wp-block-button__link wp-element-button\" href=\"https:\/\/app.powerbi.com\/view?r=eyJrIjoiY2M3ZGMzMDktODBhZS00YjZhLTllM2MtNzgyMTEwOGQxYzIxIiwidCI6IjhmODRmNmIzLWY4NmUtNDg2MS1iMDZhLTRiNjI3ODNlYjQzZiIsImMiOjR9\" target=\"_blank\" rel=\"noreferrer noopener\">Estudio Muestral sobre Participaci\u00f3n Ciudadana 2021<\/a><\/div>\n<\/div>\n\n\n\n<div style=\"height:60px\" aria-hidden=\"true\" class=\"wp-block-spacer\"><\/div>\n\n\n\n<div class=\"wp-block-columns is-layout-flex wp-container-core-columns-is-layout-28f84493 wp-block-columns-is-layout-flex\">\n<div class=\"wp-block-column is-layout-flow wp-block-column-is-layout-flow\">\n<figure class=\"wp-block-image size-large\"><img decoding=\"async\" width=\"732\" height=\"1024\" src=\"https:\/\/cede.izt.uam.mx\/wp-content\/uploads\/2023\/06\/SICEEN-INE-CEDE-Flyer-732x1024.png\" alt=\"\" class=\"wp-image-3504\" srcset=\"https:\/\/cede.izt.uam.mx\/wp-content\/uploads\/2023\/06\/SICEEN-INE-CEDE-Flyer-732x1024.png 732w, https:\/\/cede.izt.uam.mx\/wp-content\/uploads\/2023\/06\/SICEEN-INE-CEDE-Flyer-214x300.png 214w, https:\/\/cede.izt.uam.mx\/wp-content\/uploads\/2023\/06\/SICEEN-INE-CEDE-Flyer-768x1075.png 768w, https:\/\/cede.izt.uam.mx\/wp-content\/uploads\/2023\/06\/SICEEN-INE-CEDE-Flyer-1097x1536.png 1097w, https:\/\/cede.izt.uam.mx\/wp-content\/uploads\/2023\/06\/SICEEN-INE-CEDE-Flyer.png 1429w\" sizes=\"(max-width: 732px) 100vw, 732px\" \/><\/figure>\n<\/div>\n\n\n\n<div class=\"wp-block-column is-layout-flow wp-block-column-is-layout-flow\">\n<figure class=\"wp-block-image size-large\"><img decoding=\"async\" width=\"732\" height=\"1024\" src=\"https:\/\/cede.izt.uam.mx\/wp-content\/uploads\/2023\/06\/351128361_158450840545500_1025726658453546242_n-732x1024.jpg\" alt=\"\" class=\"wp-image-3505\" srcset=\"https:\/\/cede.izt.uam.mx\/wp-content\/uploads\/2023\/06\/351128361_158450840545500_1025726658453546242_n-732x1024.jpg 732w, https:\/\/cede.izt.uam.mx\/wp-content\/uploads\/2023\/06\/351128361_158450840545500_1025726658453546242_n-214x300.jpg 214w, https:\/\/cede.izt.uam.mx\/wp-content\/uploads\/2023\/06\/351128361_158450840545500_1025726658453546242_n-768x1075.jpg 768w, https:\/\/cede.izt.uam.mx\/wp-content\/uploads\/2023\/06\/351128361_158450840545500_1025726658453546242_n-1097x1536.jpg 1097w, https:\/\/cede.izt.uam.mx\/wp-content\/uploads\/2023\/06\/351128361_158450840545500_1025726658453546242_n.jpg 1463w\" sizes=\"(max-width: 732px) 100vw, 732px\" \/><\/figure>\n<\/div>\n<\/div>\n\n\n\n<div style=\"height:50px\" aria-hidden=\"true\" class=\"wp-block-spacer\"><\/div>\n\n\n\n<figure class=\"wp-block-embed is-type-video is-provider-youtube wp-block-embed-youtube wp-embed-aspect-16-9 wp-has-aspect-ratio\"><div class=\"wp-block-embed__wrapper\">\n<iframe title=\"CEDE. Presentaci\u00f3n sistema de consulta de la estad\u00edstica de las elecciones\" width=\"1290\" height=\"726\" src=\"https:\/\/www.youtube.com\/embed\/ndE6ERaMeNs?feature=oembed\" frameborder=\"0\" allow=\"accelerometer; autoplay; clipboard-write; encrypted-media; gyroscope; picture-in-picture; web-share\" referrerpolicy=\"strict-origin-when-cross-origin\" allowfullscreen><\/iframe>\n<\/div><\/figure>\n\n\n\n<div style=\"height:50px\" aria-hidden=\"true\" class=\"wp-block-spacer\"><\/div>\n\n\n\n\n\n\n\n<figure class=\"wp-block-audio\"><audio controls src=\"https:\/\/cede.izt.uam.mx\/wp-content\/uploads\/2023\/06\/ZOSIMO-ELECTORAL-1.mp3\"><\/audio><\/figure>\n\n\n\n<div style=\"height:50px\" aria-hidden=\"true\" class=\"wp-block-spacer\"><\/div>\n\n\n\n<div data-wp-interactive=\"core\/file\" class=\"wp-block-file\"><object data-wp-bind--hidden=\"!state.hasPdfPreview\" hidden class=\"wp-block-file__embed\" data=\"https:\/\/cede.izt.uam.mx\/wp-content\/uploads\/2023\/06\/Estudio-Muestral-sobre-la-Participacion-Ciudadana-2021.pdf\" type=\"application\/pdf\" style=\"width:100%;height:700px\" aria-label=\"Incrustado de Estudio-Muestral-sobre-la-Participacion-Ciudadana-2021.\"><\/object><a id=\"wp-block-file--media-ea889dba-08a9-4888-9aa0-cae3e5fb6dfc\" href=\"https:\/\/cede.izt.uam.mx\/wp-content\/uploads\/2023\/06\/Estudio-Muestral-sobre-la-Participacion-Ciudadana-2021.pdf\">Estudio-Muestral-sobre-la-Participacion-Ciudadana-2021<\/a><a href=\"https:\/\/cede.izt.uam.mx\/wp-content\/uploads\/2023\/06\/Estudio-Muestral-sobre-la-Participacion-Ciudadana-2021.pdf\" class=\"wp-block-file__button wp-element-button\" download aria-describedby=\"wp-block-file--media-ea889dba-08a9-4888-9aa0-cae3e5fb6dfc\">Descarga<\/a><\/div>\n\n\n\n<div style=\"height:100px\" aria-hidden=\"true\" class=\"wp-block-spacer\"><\/div>\n\n\n\n<ul class=\"wp-block-social-links aligncenter is-layout-flex wp-block-social-links-is-layout-flex\"><li class=\"wp-social-link wp-social-link-facebook  wp-block-social-link\"><a href=\"https:\/\/www.facebook.com\/CentrodeEstudiosdelaDemocraciayElecciones\" class=\"wp-block-social-link-anchor\"><svg width=\"24\" height=\"24\" viewBox=\"0 0 24 24\" version=\"1.1\" xmlns=\"http:\/\/www.w3.org\/2000\/svg\" aria-hidden=\"true\" focusable=\"false\"><path d=\"M12 2C6.5 2 2 6.5 2 12c0 5 3.7 9.1 8.4 9.9v-7H7.9V12h2.5V9.8c0-2.5 1.5-3.9 3.8-3.9 1.1 0 2.2.2 2.2.2v2.5h-1.3c-1.2 0-1.6.8-1.6 1.6V12h2.8l-.4 2.9h-2.3v7C18.3 21.1 22 17 22 12c0-5.5-4.5-10-10-10z\"><\/path><\/svg><span class=\"wp-block-social-link-label screen-reader-text\">Facebook<\/span><\/a><\/li>\n\n<li class=\"wp-social-link wp-social-link-twitter  wp-block-social-link\"><a href=\"https:\/\/twitter.com\/CEDE_UAM\" class=\"wp-block-social-link-anchor\"><svg width=\"24\" height=\"24\" viewBox=\"0 0 24 24\" version=\"1.1\" xmlns=\"http:\/\/www.w3.org\/2000\/svg\" aria-hidden=\"true\" focusable=\"false\"><path d=\"M22.23,5.924c-0.736,0.326-1.527,0.547-2.357,0.646c0.847-0.508,1.498-1.312,1.804-2.27 c-0.793,0.47-1.671,0.812-2.606,0.996C18.324,4.498,17.257,4,16.077,4c-2.266,0-4.103,1.837-4.103,4.103 c0,0.322,0.036,0.635,0.106,0.935C8.67,8.867,5.647,7.234,3.623,4.751C3.27,5.357,3.067,6.062,3.067,6.814 c0,1.424,0.724,2.679,1.825,3.415c-0.673-0.021-1.305-0.206-1.859-0.513c0,0.017,0,0.034,0,0.052c0,1.988,1.414,3.647,3.292,4.023 c-0.344,0.094-0.707,0.144-1.081,0.144c-0.264,0-0.521-0.026-0.772-0.074c0.522,1.63,2.038,2.816,3.833,2.85 c-1.404,1.1-3.174,1.756-5.096,1.756c-0.331,0-0.658-0.019-0.979-0.057c1.816,1.164,3.973,1.843,6.29,1.843 c7.547,0,11.675-6.252,11.675-11.675c0-0.178-0.004-0.355-0.012-0.531C20.985,7.47,21.68,6.747,22.23,5.924z\"><\/path><\/svg><span class=\"wp-block-social-link-label screen-reader-text\">Twitter<\/span><\/a><\/li>\n\n<li class=\"wp-social-link wp-social-link-instagram  wp-block-social-link\"><a href=\"https:\/\/www.instagram.com\/cede_uam\/\" class=\"wp-block-social-link-anchor\"><svg width=\"24\" height=\"24\" viewBox=\"0 0 24 24\" version=\"1.1\" xmlns=\"http:\/\/www.w3.org\/2000\/svg\" aria-hidden=\"true\" focusable=\"false\"><path d=\"M12,4.622c2.403,0,2.688,0.009,3.637,0.052c0.877,0.04,1.354,0.187,1.671,0.31c0.42,0.163,0.72,0.358,1.035,0.673 c0.315,0.315,0.51,0.615,0.673,1.035c0.123,0.317,0.27,0.794,0.31,1.671c0.043,0.949,0.052,1.234,0.052,3.637 s-0.009,2.688-0.052,3.637c-0.04,0.877-0.187,1.354-0.31,1.671c-0.163,0.42-0.358,0.72-0.673,1.035 c-0.315,0.315-0.615,0.51-1.035,0.673c-0.317,0.123-0.794,0.27-1.671,0.31c-0.949,0.043-1.233,0.052-3.637,0.052 s-2.688-0.009-3.637-0.052c-0.877-0.04-1.354-0.187-1.671-0.31c-0.42-0.163-0.72-0.358-1.035-0.673 c-0.315-0.315-0.51-0.615-0.673-1.035c-0.123-0.317-0.27-0.794-0.31-1.671C4.631,14.688,4.622,14.403,4.622,12 s0.009-2.688,0.052-3.637c0.04-0.877,0.187-1.354,0.31-1.671c0.163-0.42,0.358-0.72,0.673-1.035 c0.315-0.315,0.615-0.51,1.035-0.673c0.317-0.123,0.794-0.27,1.671-0.31C9.312,4.631,9.597,4.622,12,4.622 M12,3 C9.556,3,9.249,3.01,8.289,3.054C7.331,3.098,6.677,3.25,6.105,3.472C5.513,3.702,5.011,4.01,4.511,4.511 c-0.5,0.5-0.808,1.002-1.038,1.594C3.25,6.677,3.098,7.331,3.054,8.289C3.01,9.249,3,9.556,3,12c0,2.444,0.01,2.751,0.054,3.711 c0.044,0.958,0.196,1.612,0.418,2.185c0.23,0.592,0.538,1.094,1.038,1.594c0.5,0.5,1.002,0.808,1.594,1.038 c0.572,0.222,1.227,0.375,2.185,0.418C9.249,20.99,9.556,21,12,21s2.751-0.01,3.711-0.054c0.958-0.044,1.612-0.196,2.185-0.418 c0.592-0.23,1.094-0.538,1.594-1.038c0.5-0.5,0.808-1.002,1.038-1.594c0.222-0.572,0.375-1.227,0.418-2.185 C20.99,14.751,21,14.444,21,12s-0.01-2.751-0.054-3.711c-0.044-0.958-0.196-1.612-0.418-2.185c-0.23-0.592-0.538-1.094-1.038-1.594 c-0.5-0.5-1.002-0.808-1.594-1.038c-0.572-0.222-1.227-0.375-2.185-0.418C14.751,3.01,14.444,3,12,3L12,3z M12,7.378 c-2.552,0-4.622,2.069-4.622,4.622S9.448,16.622,12,16.622s4.622-2.069,4.622-4.622S14.552,7.378,12,7.378z M12,15 c-1.657,0-3-1.343-3-3s1.343-3,3-3s3,1.343,3,3S13.657,15,12,15z M16.804,6.116c-0.596,0-1.08,0.484-1.08,1.08 s0.484,1.08,1.08,1.08c0.596,0,1.08-0.484,1.08-1.08S17.401,6.116,16.804,6.116z\"><\/path><\/svg><span class=\"wp-block-social-link-label screen-reader-text\">Instagram<\/span><\/a><\/li>\n\n<li class=\"wp-social-link wp-social-link-youtube  wp-block-social-link\"><a href=\"https:\/\/www.youtube.com\/channel\/UCs0JZgkmdBT57Hl_JccgM0Q\" class=\"wp-block-social-link-anchor\"><svg width=\"24\" height=\"24\" viewBox=\"0 0 24 24\" version=\"1.1\" xmlns=\"http:\/\/www.w3.org\/2000\/svg\" aria-hidden=\"true\" focusable=\"false\"><path d=\"M21.8,8.001c0,0-0.195-1.378-0.795-1.985c-0.76-0.797-1.613-0.801-2.004-0.847c-2.799-0.202-6.997-0.202-6.997-0.202 h-0.009c0,0-4.198,0-6.997,0.202C4.608,5.216,3.756,5.22,2.995,6.016C2.395,6.623,2.2,8.001,2.2,8.001S2,9.62,2,11.238v1.517 c0,1.618,0.2,3.237,0.2,3.237s0.195,1.378,0.795,1.985c0.761,0.797,1.76,0.771,2.205,0.855c1.6,0.153,6.8,0.201,6.8,0.201 s4.203-0.006,7.001-0.209c0.391-0.047,1.243-0.051,2.004-0.847c0.6-0.607,0.795-1.985,0.795-1.985s0.2-1.618,0.2-3.237v-1.517 C22,9.62,21.8,8.001,21.8,8.001z M9.935,14.594l-0.001-5.62l5.404,2.82L9.935,14.594z\"><\/path><\/svg><span class=\"wp-block-social-link-label screen-reader-text\">YouTube<\/span><\/a><\/li><\/ul>\n","protected":false},"excerpt":{"rendered":"<p>El pasado jueves 08 de junio a las 10:00 horas se llev\u00f3 a cabo en la Sala Quetzalcalli ubicado en la planta alta del Edificio H dentro de las instalaciones de la Universidad Aut\u00f3noma Metropolitana Unidad Iztapalapa la presentaci\u00f3n del Sistema de Consulta de la Estad\u00edstica de las Elecciones (SICEE) y elEstudio Muestral de Participaci\u00f3n [&hellip;]<\/p>\n","protected":false},"author":2,"featured_media":0,"parent":737,"menu_order":0,"comment_status":"closed","ping_status":"closed","template":"","meta":{"footnotes":""},"class_list":["post-3503","page","type-page","status-publish","hentry"],"blocksy_meta":[],"_links":{"self":[{"href":"https:\/\/cede.izt.uam.mx\/index.php\/wp-json\/wp\/v2\/pages\/3503","targetHints":{"allow":["GET"]}}],"collection":[{"href":"https:\/\/cede.izt.uam.mx\/index.php\/wp-json\/wp\/v2\/pages"}],"about":[{"href":"https:\/\/cede.izt.uam.mx\/index.php\/wp-json\/wp\/v2\/types\/page"}],"author":[{"embeddable":true,"href":"https:\/\/cede.izt.uam.mx\/index.php\/wp-json\/wp\/v2\/users\/2"}],"replies":[{"embeddable":true,"href":"https:\/\/cede.izt.uam.mx\/index.php\/wp-json\/wp\/v2\/comments?post=3503"}],"version-history":[{"count":0,"href":"https:\/\/cede.izt.uam.mx\/index.php\/wp-json\/wp\/v2\/pages\/3503\/revisions"}],"up":[{"embeddable":true,"href":"https:\/\/cede.izt.uam.mx\/index.php\/wp-json\/wp\/v2\/pages\/737"}],"wp:attachment":[{"href":"https:\/\/cede.izt.uam.mx\/index.php\/wp-json\/wp\/v2\/media?parent=3503"}],"curies":[{"name":"wp","href":"https:\/\/api.w.org\/{rel}","templated":true}]}}