{"id":71,"date":"2022-04-21T20:14:10","date_gmt":"2022-04-21T20:14:10","guid":{"rendered":"https:\/\/cede.izt.uam.mx\/?page_id=71"},"modified":"2025-01-29T07:39:10","modified_gmt":"2025-01-29T07:39:10","slug":"acerca-del-cede","status":"publish","type":"page","link":"https:\/\/cede.izt.uam.mx\/index.php\/acerca-del-cede\/","title":{"rendered":"Acerca del CEDE"},"content":{"rendered":"\t\t<div data-elementor-type=\"wp-page\" data-elementor-id=\"71\" class=\"elementor elementor-71\">\n\t\t\t\t<div class=\"elementor-element elementor-element-7e02b3f e-flex e-con-boxed e-con e-parent\" data-id=\"7e02b3f\" data-element_type=\"container\" data-e-type=\"container\" data-settings=\"{&quot;background_background&quot;:&quot;classic&quot;}\">\n\t\t\t\t\t<div class=\"e-con-inner\">\n\t\t\t\t<div class=\"elementor-element elementor-element-24c8176 elementor-widget elementor-widget-heading\" data-id=\"24c8176\" data-element_type=\"widget\" data-e-type=\"widget\" data-widget_type=\"heading.default\">\n\t\t\t\t<div class=\"elementor-widget-container\">\n\t\t\t\t\t<h2 class=\"elementor-heading-title elementor-size-default\">Acerca del CEDE<\/h2>\t\t\t\t<\/div>\n\t\t\t\t<\/div>\n\t\t\t\t<div class=\"elementor-element elementor-element-d2cc5f1 elementor-widget-divider--view-line elementor-widget elementor-widget-divider\" data-id=\"d2cc5f1\" data-element_type=\"widget\" data-e-type=\"widget\" data-widget_type=\"divider.default\">\n\t\t\t\t<div class=\"elementor-widget-container\">\n\t\t\t\t\t\t\t<div class=\"elementor-divider\">\n\t\t\t<span class=\"elementor-divider-separator\">\n\t\t\t\t\t\t<\/span>\n\t\t<\/div>\n\t\t\t\t\t\t<\/div>\n\t\t\t\t<\/div>\n\t\t\t\t\t<\/div>\n\t\t\t\t<\/div>\n\t\t<div class=\"elementor-element elementor-element-d6ba085 e-flex e-con-boxed e-con e-parent\" data-id=\"d6ba085\" data-element_type=\"container\" data-e-type=\"container\">\n\t\t\t\t\t<div class=\"e-con-inner\">\n\t\t\t\t<div class=\"elementor-element elementor-element-c03c974 elementor-widget elementor-widget-text-editor\" data-id=\"c03c974\" data-element_type=\"widget\" data-e-type=\"widget\" data-widget_type=\"text-editor.default\">\n\t\t\t\t<div class=\"elementor-widget-container\">\n\t\t\t\t\t\t\t\t\t<p>El 23 de julio de 1991 la Universidad Aut\u00f3noma Metropolitana Unidad Iztapalapa, a trav\u00e9s de la Divisi\u00f3n de Ciencias Sociales y Humanidades (CSH), el \u00c1rea de Investigaci\u00f3n en Procesos Pol\u00edticos y el Departamento de Sociolog\u00eda, se cre\u00f3 el Centro de Estad\u00edstica y Documentaci\u00f3n Electoral (CEDE) con el prop\u00f3sito de brindar una plataforma especializada en datos y estad\u00edstica electoral como los resultados electorales federales y locales de cada proceso electoral, documentos b\u00e1sicos de los partidos pol\u00edticos, legislaci\u00f3n electoral, bibliograf\u00eda y hemerograf\u00eda especializada, entre otros.<\/p>\n<p><!-- \/wp:paragraph --><!-- wp:paragraph --><\/p>\n<p>Con la finalidad de ampliar la l\u00ednea de investigaci\u00f3n enfocadas sobre la democracia, a\u00f1os m\u00e1s tarde, cambi\u00f3 a Centro de Estudios de la Democracia y Elecciones (CEDE). Desde entonces, el Centro ha brindado servicio durante m\u00e1s de 30 a\u00f1os a la comunidad acad\u00e9mica y a la sociedad en general.<\/p>\n<p><!-- \/wp:paragraph --><!-- wp:spacer --><\/p>\t\t\t\t\t\t\t\t<\/div>\n\t\t\t\t<\/div>\n\t\t\t\t<div class=\"elementor-element elementor-element-2fc20aa elementor-widget elementor-widget-image\" data-id=\"2fc20aa\" data-element_type=\"widget\" data-e-type=\"widget\" data-widget_type=\"image.default\">\n\t\t\t\t<div class=\"elementor-widget-container\">\n\t\t\t\t\t\t\t\t\t\t\t\t\t\t\t<img fetchpriority=\"high\" decoding=\"async\" width=\"768\" height=\"369\" src=\"https:\/\/cede.izt.uam.mx\/wp-content\/uploads\/2022\/04\/WhatsApp-Image-2022-03-23-at-12.50.50-PM-768x369.jpeg\" class=\"attachment-medium_large size-medium_large wp-image-37\" alt=\"\" srcset=\"https:\/\/cede.izt.uam.mx\/wp-content\/uploads\/2022\/04\/WhatsApp-Image-2022-03-23-at-12.50.50-PM-768x369.jpeg 768w, https:\/\/cede.izt.uam.mx\/wp-content\/uploads\/2022\/04\/WhatsApp-Image-2022-03-23-at-12.50.50-PM-600x288.jpeg 600w, https:\/\/cede.izt.uam.mx\/wp-content\/uploads\/2022\/04\/WhatsApp-Image-2022-03-23-at-12.50.50-PM-300x144.jpeg 300w, https:\/\/cede.izt.uam.mx\/wp-content\/uploads\/2022\/04\/WhatsApp-Image-2022-03-23-at-12.50.50-PM-1024x492.jpeg 1024w, https:\/\/cede.izt.uam.mx\/wp-content\/uploads\/2022\/04\/WhatsApp-Image-2022-03-23-at-12.50.50-PM-1536x737.jpeg 1536w, https:\/\/cede.izt.uam.mx\/wp-content\/uploads\/2022\/04\/WhatsApp-Image-2022-03-23-at-12.50.50-PM.jpeg 1600w\" sizes=\"(max-width: 768px) 100vw, 768px\" \/>\t\t\t\t\t\t\t\t\t\t\t\t\t\t\t<\/div>\n\t\t\t\t<\/div>\n\t\t\t\t<div class=\"elementor-element elementor-element-0127f64 elementor-widget elementor-widget-heading\" data-id=\"0127f64\" data-element_type=\"widget\" data-e-type=\"widget\" data-widget_type=\"heading.default\">\n\t\t\t\t<div class=\"elementor-widget-container\">\n\t\t\t\t\t<h4 class=\"elementor-heading-title elementor-size-default\">Objetivos<\/h4>\t\t\t\t<\/div>\n\t\t\t\t<\/div>\n\t\t\t\t<div class=\"elementor-element elementor-element-e71408c elementor-widget elementor-widget-text-editor\" data-id=\"e71408c\" data-element_type=\"widget\" data-e-type=\"widget\" data-widget_type=\"text-editor.default\">\n\t\t\t\t<div class=\"elementor-widget-container\">\n\t\t\t\t\t\t\t\t\t<div class=\"wp-block-column\">\n<ul id=\"block-abf8927f-4d23-46cf-998a-4f03cc35d424\">\n<li>Ser un centro de estudios destacado por su base de datos y estudios en materia electoral.<\/li>\n<li>Presentar los resultados electorales de cada proceso electoral implementando una l\u00ednea de investigaci\u00f3n y procesamiento de datos estad\u00edsticos metodol\u00f3gico tras el estudio de sentencias electorales.<\/li>\n<li>Generar y dar seguimiento a nuevas perspectivas de investigaci\u00f3n sobre temas electorales y democr\u00e1ticos.<\/li>\n<li>Hacer p\u00fablica y consultable la informaci\u00f3n y bases de datos.<\/li>\n<li>Brindar un servicio especializado a la comunidad acad\u00e9mica y de investigadores; as\u00ed como a actores pol\u00edticos, partidos pol\u00edticos, organizaciones pol\u00edticas, instituciones electorales, diversas dependencias del gobierno federal y local, y al p\u00fablico en general.<\/li>\n<!-- \/wp:list-item --><\/ul>\n<!-- \/wp:list --><!-- wp:paragraph -->\n<ul id=\"block-abf8927f-4d23-46cf-998a-4f03cc35d424\"><!-- \/wp:list-item --><\/ul>\n<!-- \/wp:list --><!-- wp:paragraph -->\n<ul id=\"block-abf8927f-4d23-46cf-998a-4f03cc35d424\"><!-- \/wp:list-item --><\/ul>\n<!-- \/wp:list --><\/div>\n<p><!-- \/wp:column --><!-- wp:column --><\/p>\n<div class=\"wp-block-column\"><!-- wp:list -->\n<ul id=\"block-abf8927f-4d23-46cf-998a-4f03cc35d424\"><!-- wp:list-item --><!-- \/wp:list-item --><\/ul>\n<!-- \/wp:list --><!-- wp:paragraph -->\n<ul id=\"block-abf8927f-4d23-46cf-998a-4f03cc35d424\"><\/ul>\n<\/div>\t\t\t\t\t\t\t\t<\/div>\n\t\t\t\t<\/div>\n\t\t\t\t<div class=\"elementor-element elementor-element-bfdd02e elementor-widget elementor-widget-spacer\" data-id=\"bfdd02e\" data-element_type=\"widget\" data-e-type=\"widget\" data-widget_type=\"spacer.default\">\n\t\t\t\t<div class=\"elementor-widget-container\">\n\t\t\t\t\t\t\t<div class=\"elementor-spacer\">\n\t\t\t<div class=\"elementor-spacer-inner\"><\/div>\n\t\t<\/div>\n\t\t\t\t\t\t<\/div>\n\t\t\t\t<\/div>\n\t\t\t\t\t<\/div>\n\t\t\t\t<\/div>\n\t\t\t\t<\/div>\n\t\t","protected":false},"excerpt":{"rendered":"<p>Acerca del CEDE El 23 de julio de 1991 la Universidad Aut\u00f3noma Metropolitana Unidad Iztapalapa, a trav\u00e9s de la Divisi\u00f3n de Ciencias Sociales y Humanidades (CSH), el \u00c1rea de Investigaci\u00f3n en Procesos Pol\u00edticos y el Departamento de Sociolog\u00eda, se cre\u00f3 el Centro de Estad\u00edstica y Documentaci\u00f3n Electoral (CEDE) con el prop\u00f3sito de brindar una plataforma [&hellip;]<\/p>\n","protected":false},"author":2,"featured_media":0,"parent":0,"menu_order":0,"comment_status":"closed","ping_status":"closed","template":"elementor_header_footer","meta":{"footnotes":""},"class_list":["post-71","page","type-page","status-publish","hentry"],"blocksy_meta":[],"_links":{"self":[{"href":"https:\/\/cede.izt.uam.mx\/index.php\/wp-json\/wp\/v2\/pages\/71","targetHints":{"allow":["GET"]}}],"collection":[{"href":"https:\/\/cede.izt.uam.mx\/index.php\/wp-json\/wp\/v2\/pages"}],"about":[{"href":"https:\/\/cede.izt.uam.mx\/index.php\/wp-json\/wp\/v2\/types\/page"}],"author":[{"embeddable":true,"href":"https:\/\/cede.izt.uam.mx\/index.php\/wp-json\/wp\/v2\/users\/2"}],"replies":[{"embeddable":true,"href":"https:\/\/cede.izt.uam.mx\/index.php\/wp-json\/wp\/v2\/comments?post=71"}],"version-history":[{"count":3,"href":"https:\/\/cede.izt.uam.mx\/index.php\/wp-json\/wp\/v2\/pages\/71\/revisions"}],"predecessor-version":[{"id":5090,"href":"https:\/\/cede.izt.uam.mx\/index.php\/wp-json\/wp\/v2\/pages\/71\/revisions\/5090"}],"wp:attachment":[{"href":"https:\/\/cede.izt.uam.mx\/index.php\/wp-json\/wp\/v2\/media?parent=71"}],"curies":[{"name":"wp","href":"https:\/\/api.w.org\/{rel}","templated":true}]}}