{"id":96,"date":"2022-04-21T20:28:59","date_gmt":"2022-04-21T20:28:59","guid":{"rendered":"https:\/\/cede.izt.uam.mx\/?page_id=96"},"modified":"2025-01-06T06:17:01","modified_gmt":"2025-01-06T06:17:01","slug":"servicios","status":"publish","type":"page","link":"https:\/\/cede.izt.uam.mx\/index.php\/acerca-del-cede\/servicios\/","title":{"rendered":"Servicios"},"content":{"rendered":"\t\t<div data-elementor-type=\"wp-page\" data-elementor-id=\"96\" class=\"elementor elementor-96\">\n\t\t\t\t<div class=\"elementor-element elementor-element-fa19910 e-flex e-con-boxed e-con e-parent\" data-id=\"fa19910\" data-element_type=\"container\" data-e-type=\"container\" data-settings=\"{&quot;background_background&quot;:&quot;classic&quot;}\">\n\t\t\t\t\t<div class=\"e-con-inner\">\n\t\t\t\t<div class=\"elementor-element elementor-element-fad8ab6 elementor-widget elementor-widget-heading\" data-id=\"fad8ab6\" data-element_type=\"widget\" data-e-type=\"widget\" data-widget_type=\"heading.default\">\n\t\t\t\t<div class=\"elementor-widget-container\">\n\t\t\t\t\t<h2 class=\"elementor-heading-title elementor-size-default\">Servicios<\/h2>\t\t\t\t<\/div>\n\t\t\t\t<\/div>\n\t\t\t\t<div class=\"elementor-element elementor-element-69d2ced elementor-widget-divider--view-line elementor-widget elementor-widget-divider\" data-id=\"69d2ced\" data-element_type=\"widget\" data-e-type=\"widget\" data-widget_type=\"divider.default\">\n\t\t\t\t<div class=\"elementor-widget-container\">\n\t\t\t\t\t\t\t<div class=\"elementor-divider\">\n\t\t\t<span class=\"elementor-divider-separator\">\n\t\t\t\t\t\t<\/span>\n\t\t<\/div>\n\t\t\t\t\t\t<\/div>\n\t\t\t\t<\/div>\n\t\t\t\t<div class=\"elementor-element elementor-element-be88c83 elementor-widget elementor-widget-text-editor\" data-id=\"be88c83\" data-element_type=\"widget\" data-e-type=\"widget\" data-widget_type=\"text-editor.default\">\n\t\t\t\t<div class=\"elementor-widget-container\">\n\t\t\t\t\t\t\t\t\t<h6>El CEDE brinda atenci\u00f3n especializada a sus usuarios en diferentes servicios como:<\/h6>\t\t\t\t\t\t\t\t<\/div>\n\t\t\t\t<\/div>\n\t\t\t\t\t<\/div>\n\t\t\t\t<\/div>\n\t\t<div class=\"elementor-element elementor-element-11c0f11 e-con-full e-flex e-con e-parent\" data-id=\"11c0f11\" data-element_type=\"container\" data-e-type=\"container\">\n\t\t\t\t<div class=\"elementor-element elementor-element-534627f elementor-widget elementor-widget-eael-adv-tabs\" data-id=\"534627f\" data-element_type=\"widget\" data-e-type=\"widget\" data-widget_type=\"eael-adv-tabs.default\">\n\t\t\t\t<div class=\"elementor-widget-container\">\n\t\t\t\t\t        <div data-scroll-on-click=\"no\" data-scroll-speed=\"300\" id=\"eael-advance-tabs-534627f\" class=\"eael-advance-tabs eael-tabs-horizontal eael-tab-auto-active \" data-tabid=\"534627f\">\n            <div class=\"eael-tabs-nav \">\n                <ul class=\"eael-tab-inline-icon\" role=\"tablist\">\n                                            <li id=\"resultados-electorales\" class=\"inactive eael-tab-item-trigger eael-tab-nav-item\" aria-selected=\"true\" data-tab=\"1\" role=\"tab\" tabindex=\"0\" aria-controls=\"resultados-electorales-tab\" aria-expanded=\"false\">\n                            \n                                                                                                                            \n                                                            <span class=\"eael-tab-title title-after-icon\" >Resultados Electorales<\/span>                            \n                                                    <\/li>\n                                            <li id=\"acervo\" class=\"inactive eael-tab-item-trigger eael-tab-nav-item\" aria-selected=\"false\" data-tab=\"2\" role=\"tab\" tabindex=\"-1\" aria-controls=\"acervo-tab\" aria-expanded=\"false\">\n                            \n                                                                                                                            \n                                                            <span class=\"eael-tab-title title-after-icon\" >Acervo<\/span>                            \n                                                    <\/li>\n                                            <li id=\"seguimiento-hemerogrfico\" class=\"inactive eael-tab-item-trigger eael-tab-nav-item\" aria-selected=\"false\" data-tab=\"3\" role=\"tab\" tabindex=\"-1\" aria-controls=\"seguimiento-hemerogrfico-tab\" aria-expanded=\"false\">\n                            \n                                                                                                                            \n                                                            <span class=\"eael-tab-title title-after-icon\" >Seguimiento hemerogr\u00e1fico<\/span>                            \n                                                    <\/li>\n                                            <li id=\"calendarios-electorales\" class=\"inactive eael-tab-item-trigger eael-tab-nav-item\" aria-selected=\"false\" data-tab=\"4\" role=\"tab\" tabindex=\"-1\" aria-controls=\"calendarios-electorales-tab\" aria-expanded=\"false\">\n                            \n                                                                                                                            \n                                                            <span class=\"eael-tab-title title-after-icon\" >Calendarios Electorales<\/span>                            \n                                                    <\/li>\n                                            <li id=\"cursos-y-diplomados\" class=\"inactive eael-tab-item-trigger eael-tab-nav-item\" aria-selected=\"false\" data-tab=\"5\" role=\"tab\" tabindex=\"-1\" aria-controls=\"cursos-y-diplomados-tab\" aria-expanded=\"false\">\n                            \n                                                                                                                            \n                                                            <span class=\"eael-tab-title title-after-icon\" >Cursos y diplomados<\/span>                            \n                                                    <\/li>\n                                            <li id=\"elaboracin-de-instrumentos-de-evaluacin\" class=\"inactive eael-tab-item-trigger eael-tab-nav-item\" aria-selected=\"false\" data-tab=\"6\" role=\"tab\" tabindex=\"-1\" aria-controls=\"elaboracin-de-instrumentos-de-evaluacin-tab\" aria-expanded=\"false\">\n                            \n                                                                                                                            \n                                                            <span class=\"eael-tab-title title-after-icon\" >Elaboraci\u00f3n de Instrumentos de Evaluaci\u00f3n<\/span>                            \n                                                    <\/li>\n                                            <li id=\"anlisis-de-sentencias-electorales\" class=\"inactive eael-tab-item-trigger eael-tab-nav-item\" aria-selected=\"false\" data-tab=\"7\" role=\"tab\" tabindex=\"-1\" aria-controls=\"anlisis-de-sentencias-electorales-tab\" aria-expanded=\"false\">\n                            \n                                                                                                                            \n                                                            <span class=\"eael-tab-title title-after-icon\" >An\u00e1lisis de Sentencias Electorales<\/span>                            \n                                                    <\/li>\n                                            <li id=\"eventos-acadmicos\" class=\"inactive eael-tab-item-trigger eael-tab-nav-item\" aria-selected=\"false\" data-tab=\"8\" role=\"tab\" tabindex=\"-1\" aria-controls=\"eventos-acadmicos-tab\" aria-expanded=\"false\">\n                            \n                                                                                                                            \n                                                            <span class=\"eael-tab-title title-after-icon\" >Eventos Acad\u00e9micos<\/span>                            \n                                                    <\/li>\n                    \n                                  <\/ul>\n            <\/div>\n            \n            <div class=\"eael-tabs-content\">\n\t\t        \n                    <div id=\"resultados-electorales-tab\" class=\"clearfix eael-tab-content-item inactive\" data-title-link=\"resultados-electorales-tab\">\n\t\t\t\t        <p>Estad\u00edstica electoral de las elecciones federales a partir de 1967 y elecciones locales desde principios de 1970. Dichas estad\u00edsticas se conforman por elecciones municipales, diputados locales y gobernador, as\u00ed como diputados federales, senadores y presidente de la rep\u00fablica. Tambi\u00e9n por jefe delegacional, jefe de gobierno y asamblea legislativa de la Ciudad de M\u00e9xico.<\/p>                    <\/div>\n\t\t        \n                    <div id=\"acervo-tab\" class=\"clearfix eael-tab-content-item inactive\" data-title-link=\"acervo-tab\">\n\t\t\t\t        <p>Consulta de su acervo bibliogr\u00e1fico de m\u00e1s de 2,000 t\u00edtulos bibliogr\u00e1ficos sobre elecciones, partidos pol\u00edticos, democracia, legislaci\u00f3n, c\u00f3digos electorales, revistas especializadas, entre otros.<\/p>                    <\/div>\n\t\t        \n                    <div id=\"seguimiento-hemerogrfico-tab\" class=\"clearfix eael-tab-content-item inactive\" data-title-link=\"seguimiento-hemerogrfico-tab\">\n\t\t\t\t        <p>Por proceso electoral, por partido pol\u00edtico, por entidad federativa, por instituci\u00f3n, entre otros. As\u00ed como un seguimiento semanal de las noticias pol\u00edtico-electorales m\u00e1s destacadas.<\/p>                    <\/div>\n\t\t        \n                    <div id=\"calendarios-electorales-tab\" class=\"clearfix eael-tab-content-item inactive\" data-title-link=\"calendarios-electorales-tab\">\n\t\t\t\t        <p>Desde 1988 en adelante de cada Proceso Electoral.<\/p>                    <\/div>\n\t\t        \n                    <div id=\"cursos-y-diplomados-tab\" class=\"clearfix eael-tab-content-item inactive\" data-title-link=\"cursos-y-diplomados-tab\">\n\t\t\t\t        <p>Cursos: Metodolog\u00eda y T\u00e9cnicas de Investigaci\u00f3n para el An\u00e1lisis Pol\u00edtico, Educaci\u00f3n C\u00edvica y Participaci\u00f3n Ciudadana. Diplomados: Estudios Electorales, Teor\u00eda y Pr\u00e1ctica Parlamentaria, Pol\u00edtica, Gobierno y Toma de Decisiones en el Distrito Federal, An\u00e1lisis y Pr\u00e1ctica de la Legislaci\u00f3n Electoral en el Distrito Federal, Asamblea Legislativa y Ciudad de M\u00e9xico Planeaci\u00f3n Estrat\u00e9gica, Administraci\u00f3n y Pol\u00edticas P\u00fablicas.<\/p>                    <\/div>\n\t\t        \n                    <div id=\"elaboracin-de-instrumentos-de-evaluacin-tab\" class=\"clearfix eael-tab-content-item inactive\" data-title-link=\"elaboracin-de-instrumentos-de-evaluacin-tab\">\n\t\t\t\t        <p>Dise\u00f1o, elaboraci\u00f3n, aplicaci\u00f3n y calificaci\u00f3n de dos tipos de instrumentos de evaluaci\u00f3n de conocimientos y aptitudes, y eventualmente su revisi\u00f3n; para evaluar a los aspirantes de los procesos de selecci\u00f3n y designaci\u00f3n de consejeras o consejeros presidentes, consejeras y consejeros electorales, secretarias o secretarios t\u00e9cnicos de los consejos distritales y municipales para los procesos electorales locales.<\/p>                    <\/div>\n\t\t        \n                    <div id=\"anlisis-de-sentencias-electorales-tab\" class=\"clearfix eael-tab-content-item inactive\" data-title-link=\"anlisis-de-sentencias-electorales-tab\">\n\t\t\t\t        <p>Para brindar mayor certeza a nuestra base de datos realizamos la investigaci\u00f3n, interpretaci\u00f3n y el an\u00e1lisis de las sentencias electorales que modifican los resultados electorales finales partiendo de los tribunales locales hasta el Tribunal Electoral del Poder Judicial de la Federaci\u00f3n (TEPJF).<\/p>                    <\/div>\n\t\t        \n                    <div id=\"eventos-acadmicos-tab\" class=\"clearfix eael-tab-content-item inactive\" data-title-link=\"eventos-acadmicos-tab\">\n\t\t\t\t        <p>Realizamos diversos eventos acad\u00e9micos como mesas de an\u00e1lisis, seminarios, coloquios, foros, din\u00e1micas con estudiantes y prestadores de servicio. Con el objetivo de contribuir al trabajo acad\u00e9mico de difusi\u00f3n y promoci\u00f3n de los conocimientos especializados en materia electoral y democracia.<\/p>                    <\/div>\n\t\t                    <\/div>\n        <\/div>\n\t\t\t\t<\/div>\n\t\t\t\t<\/div>\n\t\t\t\t<div class=\"elementor-element elementor-element-f21b898 elementor-widget elementor-widget-spacer\" data-id=\"f21b898\" data-element_type=\"widget\" data-e-type=\"widget\" data-widget_type=\"spacer.default\">\n\t\t\t\t<div class=\"elementor-widget-container\">\n\t\t\t\t\t\t\t<div class=\"elementor-spacer\">\n\t\t\t<div class=\"elementor-spacer-inner\"><\/div>\n\t\t<\/div>\n\t\t\t\t\t\t<\/div>\n\t\t\t\t<\/div>\n\t\t\t\t<\/div>\n\t\t\t\t<\/div>\n\t\t","protected":false},"excerpt":{"rendered":"<p>Servicios El CEDE brinda atenci\u00f3n especializada a sus usuarios en diferentes servicios como: Resultados Electorales Acervo Seguimiento hemerogr\u00e1fico Calendarios Electorales Cursos y diplomados Elaboraci\u00f3n de Instrumentos de Evaluaci\u00f3n An\u00e1lisis de Sentencias Electorales Eventos Acad\u00e9micos Estad\u00edstica electoral de las elecciones federales a partir de 1967 y elecciones locales desde principios de 1970. Dichas estad\u00edsticas se conforman [&hellip;]<\/p>\n","protected":false},"author":2,"featured_media":0,"parent":71,"menu_order":2,"comment_status":"closed","ping_status":"closed","template":"elementor_header_footer","meta":{"footnotes":""},"class_list":["post-96","page","type-page","status-publish","hentry"],"blocksy_meta":[],"_links":{"self":[{"href":"https:\/\/cede.izt.uam.mx\/index.php\/wp-json\/wp\/v2\/pages\/96","targetHints":{"allow":["GET"]}}],"collection":[{"href":"https:\/\/cede.izt.uam.mx\/index.php\/wp-json\/wp\/v2\/pages"}],"about":[{"href":"https:\/\/cede.izt.uam.mx\/index.php\/wp-json\/wp\/v2\/types\/page"}],"author":[{"embeddable":true,"href":"https:\/\/cede.izt.uam.mx\/index.php\/wp-json\/wp\/v2\/users\/2"}],"replies":[{"embeddable":true,"href":"https:\/\/cede.izt.uam.mx\/index.php\/wp-json\/wp\/v2\/comments?post=96"}],"version-history":[{"count":0,"href":"https:\/\/cede.izt.uam.mx\/index.php\/wp-json\/wp\/v2\/pages\/96\/revisions"}],"up":[{"embeddable":true,"href":"https:\/\/cede.izt.uam.mx\/index.php\/wp-json\/wp\/v2\/pages\/71"}],"wp:attachment":[{"href":"https:\/\/cede.izt.uam.mx\/index.php\/wp-json\/wp\/v2\/media?parent=96"}],"curies":[{"name":"wp","href":"https:\/\/api.w.org\/{rel}","templated":true}]}}